{"id":5266,"date":"2024-02-20T22:00:15","date_gmt":"2024-02-20T22:00:15","guid":{"rendered":"https:\/\/prodesagrhi.com.gt\/?post_type=product&#038;p=5266"},"modified":"2026-01-30T22:48:53","modified_gmt":"2026-01-30T22:48:53","slug":"aspersor-miniwobbler-1-2-angulo-alto","status":"publish","type":"product","link":"https:\/\/prodesagrhi.com.gt\/?product=aspersor-miniwobbler-1-2-angulo-alto","title":{"rendered":"ASPERSOR MINIWOBBLER 1\/2&#8243; |  ANGULO ALTO"},"content":{"rendered":"<p>La tecnolog\u00eda Wobbler de Senninger \u2015rotaci\u00f3n de un deflector ranurado combinada con una acci\u00f3n oscilante\u2015 proporciona la m\u00e1s uniforme aplicaci\u00f3n de agua. Los aspersores Wobbler distribuyen gotas con menor intensidad de aplicaci\u00f3n sobre una mayor \u00e1rea de cobertura a bajas presiones.<\/p>\n","protected":false},"excerpt":{"rendered":"<p>La tecnolog\u00eda Wobbler de Senninger \u2015rotaci\u00f3n de un deflector ranurado combinada con una acci\u00f3n oscilante\u2015 proporciona la m\u00e1s uniforme aplicaci\u00f3n de agua. Los aspersores Wobbler distribuyen gotas con menor intensidad de aplicaci\u00f3n sobre una mayor \u00e1rea de cobertura a bajas presiones.<\/p>\n","protected":false},"featured_media":5268,"template":"","meta":{"_joinchat":[]},"product_brand":[],"product_cat":[29],"product_tag":[280,289,288,30,290,287],"class_list":{"0":"post-5266","1":"product","2":"type-product","3":"status-publish","4":"has-post-thumbnail","6":"product_cat-aspersor","7":"product_tag-1-2","8":"product_tag-alto","9":"product_tag-angulo","10":"product_tag-aspersor","11":"product_tag-mini","12":"product_tag-miniwobbler","14":"first","15":"instock","16":"shipping-taxable","17":"purchasable","18":"product-type-variable"},"acf":[],"yoast_head":"<!-- This site is optimized with the Yoast SEO plugin v27.4 - https:\/\/yoast.com\/product\/yoast-seo-wordpress\/ -->\n<title>ASPERSOR MINIWOBBLER 1\/2&quot; | ANGULO ALTO - PRODESAGRHI<\/title>\n<meta name=\"description\" content=\"La tecnolog\u00eda Wobbler de Senninger \u2015rotaci\u00f3n de un deflector ranurado combinada con una acci\u00f3n oscilante\u2015 proporciona la m\u00e1s uniforme aplicaci\u00f3n de agua. Los aspersores Wobbler distribuyen gotas con menor intensidad de aplicaci\u00f3n sobre una mayor \u00e1rea de cobertura a bajas presiones.\" \/>\n<meta name=\"robots\" content=\"index, follow, max-snippet:-1, max-image-preview:large, max-video-preview:-1\" \/>\n<link rel=\"canonical\" href=\"https:\/\/prodesagrhi.com.gt\/?product=aspersor-miniwobbler-1-2-angulo-alto\" \/>\n<meta property=\"og:locale\" content=\"es_ES\" \/>\n<meta property=\"og:type\" content=\"article\" \/>\n<meta property=\"og:title\" content=\"ASPERSOR MINIWOBBLER 1\/2&quot; | ANGULO ALTO - PRODESAGRHI\" \/>\n<meta property=\"og:description\" content=\"La tecnolog\u00eda Wobbler de Senninger \u2015rotaci\u00f3n de un deflector ranurado combinada con una acci\u00f3n oscilante\u2015 proporciona la m\u00e1s uniforme aplicaci\u00f3n de agua. Los aspersores Wobbler distribuyen gotas con menor intensidad de aplicaci\u00f3n sobre una mayor \u00e1rea de cobertura a bajas presiones.\" \/>\n<meta property=\"og:url\" content=\"https:\/\/prodesagrhi.com.gt\/?product=aspersor-miniwobbler-1-2-angulo-alto\" \/>\n<meta property=\"og:site_name\" content=\"PRODESAGRHI\" \/>\n<meta property=\"article:publisher\" content=\"https:\/\/www.facebook.com\/prodesagrhi\" \/>\n<meta property=\"article:modified_time\" content=\"2026-01-30T22:48:53+00:00\" \/>\n<meta property=\"og:image\" content=\"https:\/\/prodesagrhi.com.gt\/wp-content\/uploads\/2024\/02\/mini-WOBBLER.jpg\" \/>\n\t<meta property=\"og:image:width\" content=\"550\" \/>\n\t<meta property=\"og:image:height\" content=\"858\" \/>\n\t<meta property=\"og:image:type\" content=\"image\/jpeg\" \/>\n<meta name=\"twitter:card\" content=\"summary_large_image\" \/>\n<meta name=\"twitter:label1\" content=\"Tiempo de lectura\" \/>\n\t<meta name=\"twitter:data1\" content=\"1 minuto\" \/>\n<script type=\"application\/ld+json\" class=\"yoast-schema-graph\">{\"@context\":\"https:\\\/\\\/schema.org\",\"@graph\":[{\"@type\":\"WebPage\",\"@id\":\"https:\\\/\\\/prodesagrhi.com.gt\\\/?product=aspersor-miniwobbler-1-2-angulo-alto\",\"url\":\"https:\\\/\\\/prodesagrhi.com.gt\\\/?product=aspersor-miniwobbler-1-2-angulo-alto\",\"name\":\"ASPERSOR MINIWOBBLER 1\\\/2\\\" | ANGULO ALTO - PRODESAGRHI\",\"isPartOf\":{\"@id\":\"https:\\\/\\\/prodesagrhi.com.gt\\\/#website\"},\"primaryImageOfPage\":{\"@id\":\"https:\\\/\\\/prodesagrhi.com.gt\\\/?product=aspersor-miniwobbler-1-2-angulo-alto#primaryimage\"},\"image\":{\"@id\":\"https:\\\/\\\/prodesagrhi.com.gt\\\/?product=aspersor-miniwobbler-1-2-angulo-alto#primaryimage\"},\"thumbnailUrl\":\"https:\\\/\\\/prodesagrhi.com.gt\\\/wp-content\\\/uploads\\\/2024\\\/02\\\/mini-WOBBLER.jpg\",\"datePublished\":\"2024-02-20T22:00:15+00:00\",\"dateModified\":\"2026-01-30T22:48:53+00:00\",\"description\":\"La tecnolog\u00eda Wobbler de Senninger \u2015rotaci\u00f3n de un deflector ranurado combinada con una acci\u00f3n oscilante\u2015 proporciona la m\u00e1s uniforme aplicaci\u00f3n de agua. Los aspersores Wobbler distribuyen gotas con menor intensidad de aplicaci\u00f3n sobre una mayor \u00e1rea de cobertura a bajas presiones.\",\"breadcrumb\":{\"@id\":\"https:\\\/\\\/prodesagrhi.com.gt\\\/?product=aspersor-miniwobbler-1-2-angulo-alto#breadcrumb\"},\"inLanguage\":\"es\",\"potentialAction\":[{\"@type\":\"ReadAction\",\"target\":[\"https:\\\/\\\/prodesagrhi.com.gt\\\/?product=aspersor-miniwobbler-1-2-angulo-alto\"]}]},{\"@type\":\"ImageObject\",\"inLanguage\":\"es\",\"@id\":\"https:\\\/\\\/prodesagrhi.com.gt\\\/?product=aspersor-miniwobbler-1-2-angulo-alto#primaryimage\",\"url\":\"https:\\\/\\\/prodesagrhi.com.gt\\\/wp-content\\\/uploads\\\/2024\\\/02\\\/mini-WOBBLER.jpg\",\"contentUrl\":\"https:\\\/\\\/prodesagrhi.com.gt\\\/wp-content\\\/uploads\\\/2024\\\/02\\\/mini-WOBBLER.jpg\",\"width\":550,\"height\":858},{\"@type\":\"BreadcrumbList\",\"@id\":\"https:\\\/\\\/prodesagrhi.com.gt\\\/?product=aspersor-miniwobbler-1-2-angulo-alto#breadcrumb\",\"itemListElement\":[{\"@type\":\"ListItem\",\"position\":1,\"name\":\"Portada\",\"item\":\"https:\\\/\\\/prodesagrhi.com.gt\\\/\"},{\"@type\":\"ListItem\",\"position\":2,\"name\":\"Productos\",\"item\":\"https:\\\/\\\/prodesagrhi.com.gt\\\/?post_type=product\"},{\"@type\":\"ListItem\",\"position\":3,\"name\":\"ASPERSOR MINIWOBBLER 1\\\/2&#8243; | ANGULO ALTO\"}]},{\"@type\":\"WebSite\",\"@id\":\"https:\\\/\\\/prodesagrhi.com.gt\\\/#website\",\"url\":\"https:\\\/\\\/prodesagrhi.com.gt\\\/\",\"name\":\"PRODESAGRHI S.A.\",\"description\":\"\",\"publisher\":{\"@id\":\"https:\\\/\\\/prodesagrhi.com.gt\\\/#organization\"},\"potentialAction\":[{\"@type\":\"SearchAction\",\"target\":{\"@type\":\"EntryPoint\",\"urlTemplate\":\"https:\\\/\\\/prodesagrhi.com.gt\\\/?s={search_term_string}\"},\"query-input\":{\"@type\":\"PropertyValueSpecification\",\"valueRequired\":true,\"valueName\":\"search_term_string\"}}],\"inLanguage\":\"es\"},{\"@type\":\"Organization\",\"@id\":\"https:\\\/\\\/prodesagrhi.com.gt\\\/#organization\",\"name\":\"PRODESAGRHI S.A.\",\"url\":\"https:\\\/\\\/prodesagrhi.com.gt\\\/\",\"logo\":{\"@type\":\"ImageObject\",\"inLanguage\":\"es\",\"@id\":\"https:\\\/\\\/prodesagrhi.com.gt\\\/#\\\/schema\\\/logo\\\/image\\\/\",\"url\":\"https:\\\/\\\/prodesagrhi.com.gt\\\/wp-content\\\/uploads\\\/2022\\\/10\\\/cropped-Logo-p2.png\",\"contentUrl\":\"https:\\\/\\\/prodesagrhi.com.gt\\\/wp-content\\\/uploads\\\/2022\\\/10\\\/cropped-Logo-p2.png\",\"width\":746,\"height\":157,\"caption\":\"PRODESAGRHI S.A.\"},\"image\":{\"@id\":\"https:\\\/\\\/prodesagrhi.com.gt\\\/#\\\/schema\\\/logo\\\/image\\\/\"},\"sameAs\":[\"https:\\\/\\\/www.facebook.com\\\/prodesagrhi\"]}]}<\/script>\n<!-- \/ Yoast SEO plugin. -->","yoast_head_json":{"title":"ASPERSOR MINIWOBBLER 1\/2\" | ANGULO ALTO - PRODESAGRHI","description":"La tecnolog\u00eda Wobbler de Senninger \u2015rotaci\u00f3n de un deflector ranurado combinada con una acci\u00f3n oscilante\u2015 proporciona la m\u00e1s uniforme aplicaci\u00f3n de agua. Los aspersores Wobbler distribuyen gotas con menor intensidad de aplicaci\u00f3n sobre una mayor \u00e1rea de cobertura a bajas presiones.","robots":{"index":"index","follow":"follow","max-snippet":"max-snippet:-1","max-image-preview":"max-image-preview:large","max-video-preview":"max-video-preview:-1"},"canonical":"https:\/\/prodesagrhi.com.gt\/?product=aspersor-miniwobbler-1-2-angulo-alto","og_locale":"es_ES","og_type":"article","og_title":"ASPERSOR MINIWOBBLER 1\/2\" | ANGULO ALTO - PRODESAGRHI","og_description":"La tecnolog\u00eda Wobbler de Senninger \u2015rotaci\u00f3n de un deflector ranurado combinada con una acci\u00f3n oscilante\u2015 proporciona la m\u00e1s uniforme aplicaci\u00f3n de agua. Los aspersores Wobbler distribuyen gotas con menor intensidad de aplicaci\u00f3n sobre una mayor \u00e1rea de cobertura a bajas presiones.","og_url":"https:\/\/prodesagrhi.com.gt\/?product=aspersor-miniwobbler-1-2-angulo-alto","og_site_name":"PRODESAGRHI","article_publisher":"https:\/\/www.facebook.com\/prodesagrhi","article_modified_time":"2026-01-30T22:48:53+00:00","og_image":[{"width":550,"height":858,"url":"https:\/\/prodesagrhi.com.gt\/wp-content\/uploads\/2024\/02\/mini-WOBBLER.jpg","type":"image\/jpeg"}],"twitter_card":"summary_large_image","twitter_misc":{"Tiempo de lectura":"1 minuto"},"schema":{"@context":"https:\/\/schema.org","@graph":[{"@type":"WebPage","@id":"https:\/\/prodesagrhi.com.gt\/?product=aspersor-miniwobbler-1-2-angulo-alto","url":"https:\/\/prodesagrhi.com.gt\/?product=aspersor-miniwobbler-1-2-angulo-alto","name":"ASPERSOR MINIWOBBLER 1\/2\" | ANGULO ALTO - PRODESAGRHI","isPartOf":{"@id":"https:\/\/prodesagrhi.com.gt\/#website"},"primaryImageOfPage":{"@id":"https:\/\/prodesagrhi.com.gt\/?product=aspersor-miniwobbler-1-2-angulo-alto#primaryimage"},"image":{"@id":"https:\/\/prodesagrhi.com.gt\/?product=aspersor-miniwobbler-1-2-angulo-alto#primaryimage"},"thumbnailUrl":"https:\/\/prodesagrhi.com.gt\/wp-content\/uploads\/2024\/02\/mini-WOBBLER.jpg","datePublished":"2024-02-20T22:00:15+00:00","dateModified":"2026-01-30T22:48:53+00:00","description":"La tecnolog\u00eda Wobbler de Senninger \u2015rotaci\u00f3n de un deflector ranurado combinada con una acci\u00f3n oscilante\u2015 proporciona la m\u00e1s uniforme aplicaci\u00f3n de agua. Los aspersores Wobbler distribuyen gotas con menor intensidad de aplicaci\u00f3n sobre una mayor \u00e1rea de cobertura a bajas presiones.","breadcrumb":{"@id":"https:\/\/prodesagrhi.com.gt\/?product=aspersor-miniwobbler-1-2-angulo-alto#breadcrumb"},"inLanguage":"es","potentialAction":[{"@type":"ReadAction","target":["https:\/\/prodesagrhi.com.gt\/?product=aspersor-miniwobbler-1-2-angulo-alto"]}]},{"@type":"ImageObject","inLanguage":"es","@id":"https:\/\/prodesagrhi.com.gt\/?product=aspersor-miniwobbler-1-2-angulo-alto#primaryimage","url":"https:\/\/prodesagrhi.com.gt\/wp-content\/uploads\/2024\/02\/mini-WOBBLER.jpg","contentUrl":"https:\/\/prodesagrhi.com.gt\/wp-content\/uploads\/2024\/02\/mini-WOBBLER.jpg","width":550,"height":858},{"@type":"BreadcrumbList","@id":"https:\/\/prodesagrhi.com.gt\/?product=aspersor-miniwobbler-1-2-angulo-alto#breadcrumb","itemListElement":[{"@type":"ListItem","position":1,"name":"Portada","item":"https:\/\/prodesagrhi.com.gt\/"},{"@type":"ListItem","position":2,"name":"Productos","item":"https:\/\/prodesagrhi.com.gt\/?post_type=product"},{"@type":"ListItem","position":3,"name":"ASPERSOR MINIWOBBLER 1\/2&#8243; | ANGULO ALTO"}]},{"@type":"WebSite","@id":"https:\/\/prodesagrhi.com.gt\/#website","url":"https:\/\/prodesagrhi.com.gt\/","name":"PRODESAGRHI S.A.","description":"","publisher":{"@id":"https:\/\/prodesagrhi.com.gt\/#organization"},"potentialAction":[{"@type":"SearchAction","target":{"@type":"EntryPoint","urlTemplate":"https:\/\/prodesagrhi.com.gt\/?s={search_term_string}"},"query-input":{"@type":"PropertyValueSpecification","valueRequired":true,"valueName":"search_term_string"}}],"inLanguage":"es"},{"@type":"Organization","@id":"https:\/\/prodesagrhi.com.gt\/#organization","name":"PRODESAGRHI S.A.","url":"https:\/\/prodesagrhi.com.gt\/","logo":{"@type":"ImageObject","inLanguage":"es","@id":"https:\/\/prodesagrhi.com.gt\/#\/schema\/logo\/image\/","url":"https:\/\/prodesagrhi.com.gt\/wp-content\/uploads\/2022\/10\/cropped-Logo-p2.png","contentUrl":"https:\/\/prodesagrhi.com.gt\/wp-content\/uploads\/2022\/10\/cropped-Logo-p2.png","width":746,"height":157,"caption":"PRODESAGRHI S.A."},"image":{"@id":"https:\/\/prodesagrhi.com.gt\/#\/schema\/logo\/image\/"},"sameAs":["https:\/\/www.facebook.com\/prodesagrhi"]}]}},"_links":{"self":[{"href":"https:\/\/prodesagrhi.com.gt\/index.php?rest_route=\/wp\/v2\/product\/5266","targetHints":{"allow":["GET"]}}],"collection":[{"href":"https:\/\/prodesagrhi.com.gt\/index.php?rest_route=\/wp\/v2\/product"}],"about":[{"href":"https:\/\/prodesagrhi.com.gt\/index.php?rest_route=\/wp\/v2\/types\/product"}],"wp:featuredmedia":[{"embeddable":true,"href":"https:\/\/prodesagrhi.com.gt\/index.php?rest_route=\/wp\/v2\/media\/5268"}],"wp:attachment":[{"href":"https:\/\/prodesagrhi.com.gt\/index.php?rest_route=%2Fwp%2Fv2%2Fmedia&parent=5266"}],"wp:term":[{"taxonomy":"product_brand","embeddable":true,"href":"https:\/\/prodesagrhi.com.gt\/index.php?rest_route=%2Fwp%2Fv2%2Fproduct_brand&post=5266"},{"taxonomy":"product_cat","embeddable":true,"href":"https:\/\/prodesagrhi.com.gt\/index.php?rest_route=%2Fwp%2Fv2%2Fproduct_cat&post=5266"},{"taxonomy":"product_tag","embeddable":true,"href":"https:\/\/prodesagrhi.com.gt\/index.php?rest_route=%2Fwp%2Fv2%2Fproduct_tag&post=5266"}],"curies":[{"name":"wp","href":"https:\/\/api.w.org\/{rel}","templated":true}]}}