{"id":5195,"date":"2024-01-02T13:28:16","date_gmt":"2024-01-02T13:28:16","guid":{"rendered":"https:\/\/prodesagrhi.com.gt\/?page_id=5195"},"modified":"2024-01-04T15:45:12","modified_gmt":"2024-01-04T15:45:12","slug":"solicitar-presupuesto","status":"publish","type":"page","link":"https:\/\/prodesagrhi.com.gt\/?page_id=5195","title":{"rendered":"Solicitar cotizaci\u00f3n"},"content":{"rendered":"\n\t<div class=\"addify\">\n\t\t<p class=\"cart-empty\">Su cotizaci\u00f3n est\u00e1 actualmente vac\u00eda.<\/p>\n\t\t<p class=\"return-to-shop\"><a href=\"\" class=\"button wc-backward\">Volver a la tienda<\/a>\n\t\t<\/p>\n\t<\/div>\n\n\t\n","protected":false},"excerpt":{"rendered":"","protected":false},"author":1,"featured_media":0,"parent":0,"menu_order":0,"comment_status":"closed","ping_status":"closed","template":"","meta":{"_joinchat":[],"footnotes":""},"class_list":["post-5195","page","type-page","status-publish","hentry"],"acf":[],"yoast_head":"<!-- This site is optimized with the Yoast SEO plugin v27.3 - https:\/\/yoast.com\/product\/yoast-seo-wordpress\/ -->\n<title>COTIZADOR - PRODESAGRHI<\/title>\n<meta name=\"description\" content=\"Al agregar tus productos a nuestro carrito puedes solicitar tu cotizaci\u00f3n. Ser\u00e1 enviada con el precio actualizado.\" \/>\n<meta name=\"robots\" content=\"index, follow, max-snippet:-1, max-image-preview:large, max-video-preview:-1\" \/>\n<link rel=\"canonical\" href=\"https:\/\/prodesagrhi.com.gt\/?page_id=5195\" \/>\n<meta property=\"og:locale\" content=\"es_ES\" \/>\n<meta property=\"og:type\" content=\"article\" \/>\n<meta property=\"og:title\" content=\"COTIZADOR - PRODESAGRHI\" \/>\n<meta property=\"og:description\" content=\"Al agregar tus productos a nuestro carrito puedes solicitar tu cotizaci\u00f3n. Ser\u00e1 enviada con el precio actualizado.\" \/>\n<meta property=\"og:url\" content=\"https:\/\/prodesagrhi.com.gt\/?page_id=5195\" \/>\n<meta property=\"og:site_name\" content=\"PRODESAGRHI\" \/>\n<meta property=\"article:publisher\" content=\"https:\/\/www.facebook.com\/prodesagrhi\" \/>\n<meta property=\"article:modified_time\" content=\"2024-01-04T15:45:12+00:00\" \/>\n<meta name=\"twitter:card\" content=\"summary_large_image\" \/>\n<meta name=\"twitter:label1\" content=\"Tiempo de lectura\" \/>\n\t<meta name=\"twitter:data1\" content=\"1 minuto\" \/>\n<script type=\"application\/ld+json\" class=\"yoast-schema-graph\">{\"@context\":\"https:\\\/\\\/schema.org\",\"@graph\":[{\"@type\":\"WebPage\",\"@id\":\"https:\\\/\\\/prodesagrhi.com.gt\\\/?page_id=5195\",\"url\":\"https:\\\/\\\/prodesagrhi.com.gt\\\/?page_id=5195\",\"name\":\"COTIZADOR - PRODESAGRHI\",\"isPartOf\":{\"@id\":\"https:\\\/\\\/prodesagrhi.com.gt\\\/#website\"},\"datePublished\":\"2024-01-02T13:28:16+00:00\",\"dateModified\":\"2024-01-04T15:45:12+00:00\",\"description\":\"Al agregar tus productos a nuestro carrito puedes solicitar tu cotizaci\u00f3n. Ser\u00e1 enviada con el precio actualizado.\",\"breadcrumb\":{\"@id\":\"https:\\\/\\\/prodesagrhi.com.gt\\\/?page_id=5195#breadcrumb\"},\"inLanguage\":\"es\",\"potentialAction\":[{\"@type\":\"ReadAction\",\"target\":[\"https:\\\/\\\/prodesagrhi.com.gt\\\/?page_id=5195\"]}]},{\"@type\":\"BreadcrumbList\",\"@id\":\"https:\\\/\\\/prodesagrhi.com.gt\\\/?page_id=5195#breadcrumb\",\"itemListElement\":[{\"@type\":\"ListItem\",\"position\":1,\"name\":\"Portada\",\"item\":\"https:\\\/\\\/prodesagrhi.com.gt\\\/\"},{\"@type\":\"ListItem\",\"position\":2,\"name\":\"Solicitar cotizaci\u00f3n\"}]},{\"@type\":\"WebSite\",\"@id\":\"https:\\\/\\\/prodesagrhi.com.gt\\\/#website\",\"url\":\"https:\\\/\\\/prodesagrhi.com.gt\\\/\",\"name\":\"PRODESAGRHI S.A.\",\"description\":\"\",\"publisher\":{\"@id\":\"https:\\\/\\\/prodesagrhi.com.gt\\\/#organization\"},\"potentialAction\":[{\"@type\":\"SearchAction\",\"target\":{\"@type\":\"EntryPoint\",\"urlTemplate\":\"https:\\\/\\\/prodesagrhi.com.gt\\\/?s={search_term_string}\"},\"query-input\":{\"@type\":\"PropertyValueSpecification\",\"valueRequired\":true,\"valueName\":\"search_term_string\"}}],\"inLanguage\":\"es\"},{\"@type\":\"Organization\",\"@id\":\"https:\\\/\\\/prodesagrhi.com.gt\\\/#organization\",\"name\":\"PRODESAGRHI S.A.\",\"url\":\"https:\\\/\\\/prodesagrhi.com.gt\\\/\",\"logo\":{\"@type\":\"ImageObject\",\"inLanguage\":\"es\",\"@id\":\"https:\\\/\\\/prodesagrhi.com.gt\\\/#\\\/schema\\\/logo\\\/image\\\/\",\"url\":\"https:\\\/\\\/prodesagrhi.com.gt\\\/wp-content\\\/uploads\\\/2022\\\/10\\\/cropped-Logo-p2.png\",\"contentUrl\":\"https:\\\/\\\/prodesagrhi.com.gt\\\/wp-content\\\/uploads\\\/2022\\\/10\\\/cropped-Logo-p2.png\",\"width\":746,\"height\":157,\"caption\":\"PRODESAGRHI S.A.\"},\"image\":{\"@id\":\"https:\\\/\\\/prodesagrhi.com.gt\\\/#\\\/schema\\\/logo\\\/image\\\/\"},\"sameAs\":[\"https:\\\/\\\/www.facebook.com\\\/prodesagrhi\"]}]}<\/script>\n<!-- \/ Yoast SEO plugin. -->","yoast_head_json":{"title":"COTIZADOR - PRODESAGRHI","description":"Al agregar tus productos a nuestro carrito puedes solicitar tu cotizaci\u00f3n. Ser\u00e1 enviada con el precio actualizado.","robots":{"index":"index","follow":"follow","max-snippet":"max-snippet:-1","max-image-preview":"max-image-preview:large","max-video-preview":"max-video-preview:-1"},"canonical":"https:\/\/prodesagrhi.com.gt\/?page_id=5195","og_locale":"es_ES","og_type":"article","og_title":"COTIZADOR - PRODESAGRHI","og_description":"Al agregar tus productos a nuestro carrito puedes solicitar tu cotizaci\u00f3n. Ser\u00e1 enviada con el precio actualizado.","og_url":"https:\/\/prodesagrhi.com.gt\/?page_id=5195","og_site_name":"PRODESAGRHI","article_publisher":"https:\/\/www.facebook.com\/prodesagrhi","article_modified_time":"2024-01-04T15:45:12+00:00","twitter_card":"summary_large_image","twitter_misc":{"Tiempo de lectura":"1 minuto"},"schema":{"@context":"https:\/\/schema.org","@graph":[{"@type":"WebPage","@id":"https:\/\/prodesagrhi.com.gt\/?page_id=5195","url":"https:\/\/prodesagrhi.com.gt\/?page_id=5195","name":"COTIZADOR - PRODESAGRHI","isPartOf":{"@id":"https:\/\/prodesagrhi.com.gt\/#website"},"datePublished":"2024-01-02T13:28:16+00:00","dateModified":"2024-01-04T15:45:12+00:00","description":"Al agregar tus productos a nuestro carrito puedes solicitar tu cotizaci\u00f3n. Ser\u00e1 enviada con el precio actualizado.","breadcrumb":{"@id":"https:\/\/prodesagrhi.com.gt\/?page_id=5195#breadcrumb"},"inLanguage":"es","potentialAction":[{"@type":"ReadAction","target":["https:\/\/prodesagrhi.com.gt\/?page_id=5195"]}]},{"@type":"BreadcrumbList","@id":"https:\/\/prodesagrhi.com.gt\/?page_id=5195#breadcrumb","itemListElement":[{"@type":"ListItem","position":1,"name":"Portada","item":"https:\/\/prodesagrhi.com.gt\/"},{"@type":"ListItem","position":2,"name":"Solicitar cotizaci\u00f3n"}]},{"@type":"WebSite","@id":"https:\/\/prodesagrhi.com.gt\/#website","url":"https:\/\/prodesagrhi.com.gt\/","name":"PRODESAGRHI S.A.","description":"","publisher":{"@id":"https:\/\/prodesagrhi.com.gt\/#organization"},"potentialAction":[{"@type":"SearchAction","target":{"@type":"EntryPoint","urlTemplate":"https:\/\/prodesagrhi.com.gt\/?s={search_term_string}"},"query-input":{"@type":"PropertyValueSpecification","valueRequired":true,"valueName":"search_term_string"}}],"inLanguage":"es"},{"@type":"Organization","@id":"https:\/\/prodesagrhi.com.gt\/#organization","name":"PRODESAGRHI S.A.","url":"https:\/\/prodesagrhi.com.gt\/","logo":{"@type":"ImageObject","inLanguage":"es","@id":"https:\/\/prodesagrhi.com.gt\/#\/schema\/logo\/image\/","url":"https:\/\/prodesagrhi.com.gt\/wp-content\/uploads\/2022\/10\/cropped-Logo-p2.png","contentUrl":"https:\/\/prodesagrhi.com.gt\/wp-content\/uploads\/2022\/10\/cropped-Logo-p2.png","width":746,"height":157,"caption":"PRODESAGRHI S.A."},"image":{"@id":"https:\/\/prodesagrhi.com.gt\/#\/schema\/logo\/image\/"},"sameAs":["https:\/\/www.facebook.com\/prodesagrhi"]}]}},"_links":{"self":[{"href":"https:\/\/prodesagrhi.com.gt\/index.php?rest_route=\/wp\/v2\/pages\/5195","targetHints":{"allow":["GET"]}}],"collection":[{"href":"https:\/\/prodesagrhi.com.gt\/index.php?rest_route=\/wp\/v2\/pages"}],"about":[{"href":"https:\/\/prodesagrhi.com.gt\/index.php?rest_route=\/wp\/v2\/types\/page"}],"author":[{"embeddable":true,"href":"https:\/\/prodesagrhi.com.gt\/index.php?rest_route=\/wp\/v2\/users\/1"}],"replies":[{"embeddable":true,"href":"https:\/\/prodesagrhi.com.gt\/index.php?rest_route=%2Fwp%2Fv2%2Fcomments&post=5195"}],"version-history":[{"count":0,"href":"https:\/\/prodesagrhi.com.gt\/index.php?rest_route=\/wp\/v2\/pages\/5195\/revisions"}],"wp:attachment":[{"href":"https:\/\/prodesagrhi.com.gt\/index.php?rest_route=%2Fwp%2Fv2%2Fmedia&parent=5195"}],"curies":[{"name":"wp","href":"https:\/\/api.w.org\/{rel}","templated":true}]}}